{"id":18732,"date":"2022-01-25T11:56:52","date_gmt":"2022-01-25T10:56:52","guid":{"rendered":"https:\/\/isfi.no\/?page_id=18732"},"modified":"2026-03-04T15:05:25","modified_gmt":"2026-03-04T14:05:25","slug":"min-birra","status":"publish","type":"page","link":"https:\/\/isfi.no\/se\/min-birra\/","title":{"rendered":"Interna\u0161un\u00e1la S\u00e1mi Filbma Instituhtta"},"content":{"rendered":"<p>Hukset gelbbola\u0161vuo\u0111a \u00e1rktala\u0161 filbmaguovllus go nannet ovttasbarggu gaskal filbma\u00e1sahusaid, fitnodagaid, buvttadeddjiid ja universitehtaid.VI\u0160<\/p>\n","protected":false},"excerpt":{"rendered":"<p>Hukset gelbbola\u0161vuo\u0111a \u00e1rktala\u0161 filbmaguovllus go nannet ovttasbarggu gaskal filbma\u00e1sahusaid, fitnodagaid, buvttadeddjiid ja universitehtaid.VI\u0160<\/p>\n","protected":false},"author":1,"featured_media":0,"parent":0,"menu_order":5,"comment_status":"closed","ping_status":"closed","template":"templates\/about-new.php","meta":{"_acf_changed":false,"footnotes":""},"class_list":["post-18732","page","type-page","status-publish","hentry"],"acf":[],"_links":{"self":[{"href":"https:\/\/isfi.no\/se\/wp-json\/wp\/v2\/pages\/18732","targetHints":{"allow":["GET"]}}],"collection":[{"href":"https:\/\/isfi.no\/se\/wp-json\/wp\/v2\/pages"}],"about":[{"href":"https:\/\/isfi.no\/se\/wp-json\/wp\/v2\/types\/page"}],"author":[{"embeddable":true,"href":"https:\/\/isfi.no\/se\/wp-json\/wp\/v2\/users\/1"}],"replies":[{"embeddable":true,"href":"https:\/\/isfi.no\/se\/wp-json\/wp\/v2\/comments?post=18732"}],"version-history":[{"count":2,"href":"https:\/\/isfi.no\/se\/wp-json\/wp\/v2\/pages\/18732\/revisions"}],"predecessor-version":[{"id":23507,"href":"https:\/\/isfi.no\/se\/wp-json\/wp\/v2\/pages\/18732\/revisions\/23507"}],"wp:attachment":[{"href":"https:\/\/isfi.no\/se\/wp-json\/wp\/v2\/media?parent=18732"}],"curies":[{"name":"wp","href":"https:\/\/api.w.org\/{rel}","templated":true}]}}