{"id":720,"date":"2020-08-12T11:21:30","date_gmt":"2020-08-12T09:21:30","guid":{"rendered":"http:\/\/isfi.flywheelsites.com\/?page_id=720"},"modified":"2021-03-25T15:13:14","modified_gmt":"2021-03-25T14:13:14","slug":"privacy-policy","status":"publish","type":"page","link":"https:\/\/isfi.no\/se\/privacy-policy\/","title":{"rendered":"Privacy Policy (sami)"},"content":{"rendered":"\r\n<p>&nbsp;<\/p>\r\n<h2 class=\"wp-block-heading\">GEAT MII LEAT<\/h2>\r\n\r\n\r\n\r\n<p>Min neahttasiiddu \u010dujuhus lea: https:\/\/isfi.no.<\/p>\r\n\r\n\r\n\r\n<h2 class=\"wp-block-heading\">Makk\u00e1r per\u0161uvnnala\u0161 die\u0111uid \u010dohkket ja manne<\/h2>\r\n\r\n\r\n\r\n<h3 class=\"wp-block-heading\">Komment\u00e1rat<\/h3>\r\n<p>Go guossit gu\u0111\u0111et die\u0111uid neahttasiidui, mii \u010dohkket die\u0111uid mat \u010du\u017e\u017eot komment\u00e1ra skovis, ja maid guossi IP \u010dujuhusa ja neahtta browser ageanta stringa vai fuobm\u00e1t spamaid.<\/p>\r\n\r\n\r\n\r\n\r\n\r\n<p>Anonymiserejuvvon string maid du e-mail \u010dujuhus (maid goh\u010doduvvon hash) s\u00e1htt\u00e1 addot Gravatar b\u00e1lvalussii oaidnin dihte geavahat go dan. Gravatar b\u00e1lvalusa priv\u00e1hta vuog\u00e1dat g\u00e1vdno d\u00e1ppe: https:\/\/automattic.com\/privacy\/. Ma\u014b\u014bel go du komm\u00e1nt\u00e1ra lea dohkkehuvvon, de oidno du profiila govva almmola\u010d\u010dat du komment\u00e1ra oktavuo\u0111as.<\/p>\r\n\r\n\r\n\r\n<h3 class=\"wp-block-heading\">Media<\/h3>\r\n<p>Jus bijat govaid neahttasiidui, it berre bidjat govaid main b\u00e1ikki die\u0111ut leat mielde (EXIF GPS). Neahttasiiddu guoss\u00e1stallit s\u00e1httet vie\u017e\u017eat ja g\u00e1vnnahit b\u00e1ikki birra die\u0111uid govaid vuo\u0111ul mat leat neahttasiiddus.\u00a0<\/p>\r\n\r\n\r\n\r\n<p>&nbsp;<\/p>\r\n\r\n\r\n\r\n<h3 class=\"wp-block-heading\">Oktavuo\u0111a skovit<\/h3>\r\n\r\n\r\n\r\n<h3 class=\"wp-block-heading\">Diehto\u010doahkut (Cookies)<\/h3>\r\n\r\n\r\n\r\n<p>Jus guo\u0111\u00e1t die\u0111u min neahttasiidui, de s\u00e1ht\u00e1t dohkkehan ahte du namma, e-mail \u010dujuhus ja neahttasiiddu vurkejuvvo diehto\u010doahkuide. D\u00e1t lea dutnje alccet \u00e1vkin vai it d\u00e1rbba\u0161 nuppes deavdit fas buot die\u0111uid, go \u00e1iggut kommenteret juoid\u00e1. D\u00e1t diehto\u010doahkut vurkojuvvojit jagi.\u00a0<\/p>\r\n\r\n\r\n\r\n<p>Jus finat min log-in siiddus, de mii bidjat gaskaboddosa\u0161 diehto\u010doahku, mii isk\u00e1 dohkkeha go du browser diehto\u010doahkuid. D\u00e1in diehto\u010doahkuin eai leat makk\u00e1rge per\u0161uvnnala\u0161 die\u0111ut ja b\u00e1lkestuvvojit go giddet browsera.\u00a0<\/p>\r\n<p>Go logget sisa, mii maid vurket m\u00e1\u014bggaid diehto\u010doahkuid, vurken dihte du die\u0111uid ja du \u0161earbma \u010dajehan v\u00e1lljejumiid. Log-in diehto\u010doahkut bistet guokte beaivvi, ja \u0161earbma \u010dajehan v\u00e1lljejumit bistet jagi. Jus v\u00e1lljet &#8220;muitte mu&#8221;, du login joa\u0167ka\u0161uvv\u00e1 guokte vahkku. Jus logget olggos du kontos, de log-in diehto\u010doahkut sihkkojuvvojit fas.<\/p>\r\n\r\n\r\n\r\n<p>Jus divut dahje almmuhat \u00e1rtihkkala, lassi diehto\u010doahkut vurkejuvvo du browserii. D\u00e1n diehto\u010doahkus eai leat per\u0161uvnnala\u0161 die\u0111ut ja du\u0161\u0161e muitalit divvojuvvon \u00e1rtihkkala poasta IDa. D\u00e1t j\u00e1vk\u00e1 ma\u014b\u014bel ovtta beaivvi. \u00a0<\/p>\r\n\r\n\r\n\r\n\r\n\r\n<h3 class=\"wp-block-heading\">Ear\u00e1 neahttasiidduid die\u0111ut<\/h3>\r\n\r\n\r\n\r\n<p>D\u00e1n neahttasiiddu \u00e1rtihkkaliin s\u00e1httet die\u0111ut ear\u00e1 sajiin (nugo videot, govat, \u00e1rtihkkalat ja nu ain). Ear\u00e1 neahttasiiddduid sisdoallu l\u00e1htte juste seammal\u00e1dje go dalle go fitnet d\u00e1n siddus.\u00a0<\/p>\r\n<p>D\u00e1t neahttasiiddut s\u00e1httet \u010dohkket die\u0111uid du birra, geavahit diehto\u010doahkuid, lasihit goalmm\u00e1t oas\u00e1lasti guorrama, ja \u010duovvut mielde movt geavahat d\u00e1n sisdoalu, ja maidd\u00e1i iskat du geavaheami d\u00e1inna sisdoaluin jus dus lea konto ja jus leat loggejuvvon sisa d\u00e1n neahttasiidui.\u00a0<\/p>\r\n\r\n\r\n\r\n<h3>Analytics<\/h3>\r\n\r\n\r\n\r\n<h2 class=\"wp-block-heading\">Geainna mii juogadit die\u0111uidat<\/h2>\r\n<p>Man guhka vurket du die\u0111uid<\/p>\r\n<p>Jus guo\u0111\u00e1t komment\u00e1ra, de d\u00e1t ja d\u00e1n metadatat vurkejuvvojit agibeaiv\u00e1i. D\u00e1t d\u00e1hkko vai s\u00e1httit dovdat ja dohkkehit ja \u010duovvolit komment\u00e1raid autom\u00e1htala\u010d\u010dat dan sajis go doalahit daid gaskaboddosa\u010d\u010dat.<\/p>\r\n\r\n\r\n\r\n\r\n\r\n<p>Geavaheaddjit geat registrerejit min neahttasiidui (jus oktage), mii maid vurket du per\u0161uvnnala\u0161 die\u0111uid maid geavahat geavaheaddji profillas. Buot geavaheaddjit s\u00e1httet oaidnit, divvut, dahje sihkkut per\u0161uvnnala\u0161 die\u0111uid vaikko goas (muhto it s\u00e1hte sihkkut geavaheaddjinama) Neahttasiiddu doaimmaheaddjit s\u00e1httet maid oaidnit ja divvut d\u00e1id die\u0111uid.\u00a0<\/p>\r\n\r\n\r\n\r\n<p>&nbsp;<\/p>\r\n\r\n\r\n\r\n<h2 class=\"wp-block-heading\">Makk\u00e1r rievttit leat dus ie\u017eat die\u0111uide<\/h2>\r\n<p>Jus dus lea konto d\u00e1n neahttasiiddus, dahje leat \u010d\u00e1ll\u00e1n komment\u00e1ra, s\u00e1ht\u00e1t bivdit eksporterejuvvon fiilla du per\u0161uvnnala\u0161 die\u0111uin mat mis g\u00e1vdnojit, maidd\u00e1i vaikko makk\u00e1r ear\u00e1 die\u0111uid maid leat add\u00e1n midjiide. S\u00e1ht\u00e1t maid bivdit ahte mii sihkkut per\u0161uvnnala\u0161 die\u0111uid du birra. D\u00e1t ii gusto die\u0111uide maid mii leat geatnagahtton vurket doaimma, l\u00e1gala\u0161 dahje sihkk\u00e1rvuo\u0111a sivaid gea\u017eil.<\/p>\r\n\r\n\r\n\r\n<p>&nbsp;<\/p>\r\n\r\n\r\n\r\n<h2 class=\"wp-block-heading\">Gosa mii s\u00e1ddet die\u0111uidat<\/h2>\r\n\r\n\r\n\r\n<p>Gussiid komm\u00e1nt\u00e1rat soitet iskojuvvot autom\u00e1htala\u0161 spam \u00e1ican b\u00e1lvalusain.<\/p>\r\n\r\n\r\n\r\n<h2 class=\"wp-block-heading\">Du oktavuo\u0111a die\u0111ut<\/h2>\r\n\r\n\r\n\r\n<h2 class=\"wp-block-heading\">Lassi die\u0111ut<\/h2>\r\n\r\n\r\n\r\n<h3 class=\"wp-block-heading\">Movt mii suddjet du die\u0111uid<\/h3>\r\n\r\n\r\n\r\n<h3 class=\"wp-block-heading\">Makk\u00e1r dihtor boa\u0167kka bargovuogit leat mis<\/h3>\r\n<h3>Makk\u00e1r goalmm\u00e1t beal\u00e1la\u010d\u010dain mii oa\u017e\u017eut die\u0111uid<\/h3>\r\n\r\n\r\n\r\n<h3 class=\"wp-block-heading\">Makk\u00e1rt autom\u00e1htala\u0161 mearrideaddji ja\/dahje profileremii mii geavaheaddji die\u0111ut adnojit<\/h3>\r\n\r\n\r\n\r\n<h3 class=\"wp-block-heading\">Industriija muddengaskkusteami g\u00e1ib\u00e1dusat<\/h3>\r\n\r\n\r\n\r\n<h3 class=\"wp-block-heading\">\u00a0<\/h3>\r\n","protected":false},"excerpt":{"rendered":"<p>&nbsp; GEAT MII LEAT Min neahttasiiddu \u010dujuhus lea: https:\/\/isfi.no. Makk\u00e1r per\u0161uvnnala\u0161 die\u0111uid \u010dohkket ja manne Komment\u00e1rat Go guossit gu\u0111\u0111et die\u0111uid neahttasiidui, mii \u010dohkket die\u0111uid mat \u010du\u017e\u017eot komment\u00e1ra skovis, ja maid guossi IP \u010dujuhusa ja neahtta browser ageanta stringa vai fuobm\u00e1t spamaid. Anonymiserejuvvon string maid du e-mail \u010dujuhus (maid goh\u010doduvvon hash) s\u00e1htt\u00e1 addot Gravatar b\u00e1lvalussii oaidnin [&hellip;]<\/p>\n","protected":false},"author":1,"featured_media":0,"parent":0,"menu_order":7,"comment_status":"closed","ping_status":"open","template":"","meta":{"_acf_changed":false,"footnotes":""},"class_list":["post-720","page","type-page","status-publish","hentry"],"acf":[],"_links":{"self":[{"href":"https:\/\/isfi.no\/se\/wp-json\/wp\/v2\/pages\/720","targetHints":{"allow":["GET"]}}],"collection":[{"href":"https:\/\/isfi.no\/se\/wp-json\/wp\/v2\/pages"}],"about":[{"href":"https:\/\/isfi.no\/se\/wp-json\/wp\/v2\/types\/page"}],"author":[{"embeddable":true,"href":"https:\/\/isfi.no\/se\/wp-json\/wp\/v2\/users\/1"}],"replies":[{"embeddable":true,"href":"https:\/\/isfi.no\/se\/wp-json\/wp\/v2\/comments?post=720"}],"version-history":[{"count":0,"href":"https:\/\/isfi.no\/se\/wp-json\/wp\/v2\/pages\/720\/revisions"}],"wp:attachment":[{"href":"https:\/\/isfi.no\/se\/wp-json\/wp\/v2\/media?parent=720"}],"curies":[{"name":"wp","href":"https:\/\/api.w.org\/{rel}","templated":true}]}}